{"id":13372,"date":"2023-10-09T15:39:04","date_gmt":"2023-10-09T19:39:04","guid":{"rendered":"https:\/\/www.namb.net\/church-replanting\/?page_id=13372"},"modified":"2023-10-09T15:43:25","modified_gmt":"2023-10-09T19:43:25","slug":"become-a-replanter-espanol","status":"publish","type":"page","link":"https:\/\/www.namb.net\/church-replanting\/become-a-replanter-espanol\/","title":{"rendered":"Become a Replanter Espanol"},"content":{"rendered":"\n\n\t\t\t\t<img loading=\"lazy\" decoding=\"async\" src=\"https:\/\/www.namb.net\/church-replanting\/wp-content\/uploads\/sites\/6\/2020\/06\/am-i-a-replanter.jpg\" alt=\"am-i-a-replanter\" itemprop=\"image\" height=\"1200\" width=\"800\" title=\"am-i-a-replanter\" onerror=\"this.style.display='none'\"  \/>\n\t<h1>Caracter\u00edsticas del replantador y revitalizador<\/h1>\n<!--\n<p>We are here to help you discern if God is calling you to replanting and revitalization.<\/p>\n-->\n\t\t\t\t<img decoding=\"async\" src=\"https:\/\/www.namb.net\/church-replanting\/wp-content\/plugins\/bb-plugin\/img\/pixel.png\" alt=\"\" itemprop=\"image\" onerror=\"this.style.display='none'\"  \/>\n\t<!--\n<h3>Caracter\u00edsticas del replantador y revitalizador<\/h3>\n--><br \/>\nHay 13 caracter\u00edsticas que los pastores deben desarrollar para ser replantadores o revitalizadores efectivos. Para obtener m\u00e1s informaci\u00f3n sobre estas caracter\u00edsticas, <a href=\"https:\/\/www.namb.net\/church-replanting\/resource\/13-caracteristicas-esenciales-de-los-replantadores-eficaces\/\"><strong>lea el art\u00edculo<\/strong><\/a>.\n<ol>\n<li>Pastor visionario<\/li>\n<li>Orientaci\u00f3n del Evangelio<\/li>\n<li>Enfoque misional<\/li>\n<li>Conciencia organizacional<\/li>\n<li>Valor pastoral<\/li>\n<li>Perseverancia conyugal<\/li>\n<li>Generalista ingenioso<\/li>\n<li>Paciencia t\u00e1ctica<\/li>\n<li>Iniciativa<\/li>\n<li>Inteligencia Emocional<\/li>\n<li>Afinidad por el ministerio multigeneracional<\/li>\n<li>Respeto por el legado de una Iglesia<\/li>\n<li>Disposici\u00f3n para confrontar<\/li>\n<\/ol>\n<h3>Discierne su llamado<\/h3>\n<p>Replantar y revitalizar es dif\u00edcil. Para perseverar y tener \u00e9xito como pastor de replantaci\u00f3n, se requerir\u00e1 un llamado claro de Dios tanto para el pastor como para su c\u00f3nyuge.<\/p>\n<p>Para ayudarte a discernir tu llamado.Adem\u00e1s, le animamos a hacer un estudio en profundidad del libro de Hechos para ver c\u00f3mo se extendi\u00f3 la iglesia primitiva y c\u00f3mo Dios us\u00f3 a hombres y mujeres comunes para lograr Sus prop\u00f3sitos.<\/p>\n\t\t\t\t<img decoding=\"async\" src=\"https:\/\/www.namb.net\/church-replanting\/wp-content\/plugins\/bb-plugin\/img\/pixel.png\" alt=\"\" itemprop=\"image\" onerror=\"this.style.display='none'\"  \/>\n<h4>Take Your Next Step<\/h4>\n<p>Connect with the Replant team by completing the Replanter and Revitalizer Survey<\/p>\n\n\n","protected":false},"excerpt":{"rendered":"<p>Caracter\u00edsticas del replantador y revitalizador Hay 13 caracter\u00edsticas que los pastores deben desarrollar para ser replantadores &hellip;<\/p>\n<p class=\"read-more\"> <a class=\"\" href=\"https:\/\/www.namb.net\/church-replanting\/become-a-replanter-espanol\/\"> <span class=\"screen-reader-text\">Become a Replanter Espanol<\/span> Read More &raquo;<\/a><\/p>\n","protected":false},"author":53,"featured_media":1503,"parent":0,"menu_order":0,"comment_status":"closed","ping_status":"closed","template":"","meta":{"_oasis_is_in_workflow":0,"_oasis_original":0,"site-sidebar-layout":"no-sidebar","site-content-layout":"page-builder","ast-site-content-layout":"","site-content-style":"default","site-sidebar-style":"default","ast-global-header-display":"","ast-banner-title-visibility":"","ast-main-header-display":"","ast-hfb-above-header-display":"","ast-hfb-below-header-display":"","ast-hfb-mobile-header-display":"","site-post-title":"disabled","ast-breadcrumbs-content":"","ast-featured-img":"disabled","footer-sml-layout":"","theme-transparent-header-meta":"enabled","adv-header-id-meta":"","stick-header-meta":"","header-above-stick-meta":"","header-main-stick-meta":"","header-below-stick-meta":"","astra-migrate-meta-layouts":"","ast-page-background-enabled":"default","ast-page-background-meta":{"desktop":{"background-color":"","background-image":"","background-repeat":"repeat","background-position":"center center","background-size":"auto","background-attachment":"scroll","background-type":"","background-media":"","overlay-type":"","overlay-color":"","overlay-gradient":""},"tablet":{"background-color":"","background-image":"","background-repeat":"repeat","background-position":"center center","background-size":"auto","background-attachment":"scroll","background-type":"","background-media":"","overlay-type":"","overlay-color":"","overlay-gradient":""},"mobile":{"background-color":"","background-image":"","background-repeat":"repeat","background-position":"center center","background-size":"auto","background-attachment":"scroll","background-type":"","background-media":"","overlay-type":"","overlay-color":"","overlay-gradient":""}},"ast-content-background-meta":{"desktop":{"background-color":"var(--ast-global-color-5)","background-image":"","background-repeat":"repeat","background-position":"center center","background-size":"auto","background-attachment":"scroll","background-type":"","background-media":"","overlay-type":"","overlay-color":"","overlay-gradient":""},"tablet":{"background-color":"var(--ast-global-color-5)","background-image":"","background-repeat":"repeat","background-position":"center center","background-size":"auto","background-attachment":"scroll","background-type":"","background-media":"","overlay-type":"","overlay-color":"","overlay-gradient":""},"mobile":{"background-color":"var(--ast-global-color-5)","background-image":"","background-repeat":"repeat","background-position":"center center","background-size":"auto","background-attachment":"scroll","background-type":"","background-media":"","overlay-type":"","overlay-color":"","overlay-gradient":""}},"footnotes":""},"class_list":["post-13372","page","type-page","status-publish","has-post-thumbnail","hentry"],"acf":[],"yoast_head":"<!-- This site is optimized with the Yoast SEO Premium plugin v24.0 (Yoast SEO v24.0) - https:\/\/yoast.com\/wordpress\/plugins\/seo\/ -->\n<title>Become a Replanter Espanol - Church Replanting<\/title>\n<meta name=\"robots\" content=\"index, follow, max-snippet:-1, max-image-preview:large, max-video-preview:-1\" \/>\n<link rel=\"canonical\" href=\"https:\/\/www.namb.net\/church-replanting\/become-a-replanter-espanol\/\" \/>\n<meta property=\"og:locale\" content=\"en_US\" \/>\n<meta property=\"og:type\" content=\"article\" \/>\n<meta property=\"og:title\" content=\"Become a Replanter Espanol\" \/>\n<meta property=\"og:description\" content=\"Caracter\u00edsticas del replantador y revitalizador Hay 13 caracter\u00edsticas que los pastores deben desarrollar para ser replantadores &hellip; Become a Replanter Espanol Read More &raquo;\" \/>\n<meta property=\"og:url\" content=\"https:\/\/www.namb.net\/church-replanting\/become-a-replanter-espanol\/\" \/>\n<meta property=\"og:site_name\" content=\"Church Replanting\" \/>\n<meta property=\"article:modified_time\" content=\"2023-10-09T19:43:25+00:00\" \/>\n<meta property=\"og:image\" content=\"https:\/\/www.namb.net\/church-replanting\/wp-content\/uploads\/sites\/6\/2020\/06\/am-i-a-replanter.jpg\" \/>\n\t<meta property=\"og:image:width\" content=\"800\" \/>\n\t<meta property=\"og:image:height\" content=\"1200\" \/>\n\t<meta property=\"og:image:type\" content=\"image\/jpeg\" \/>\n<meta name=\"twitter:card\" content=\"summary_large_image\" \/>\n<meta name=\"twitter:label1\" content=\"Est. reading time\" \/>\n\t<meta name=\"twitter:data1\" content=\"2 minutes\" \/>\n<script type=\"application\/ld+json\" class=\"yoast-schema-graph\">{\"@context\":\"https:\/\/schema.org\",\"@graph\":[{\"@type\":\"WebPage\",\"@id\":\"https:\/\/www.namb.net\/church-replanting\/become-a-replanter-espanol\/\",\"url\":\"https:\/\/www.namb.net\/church-replanting\/become-a-replanter-espanol\/\",\"name\":\"Become a Replanter Espanol - Church Replanting\",\"isPartOf\":{\"@id\":\"https:\/\/www.namb.net\/church-replanting\/#website\"},\"primaryImageOfPage\":{\"@id\":\"https:\/\/www.namb.net\/church-replanting\/become-a-replanter-espanol\/#primaryimage\"},\"image\":{\"@id\":\"https:\/\/www.namb.net\/church-replanting\/become-a-replanter-espanol\/#primaryimage\"},\"thumbnailUrl\":\"https:\/\/www.namb.net\/church-replanting\/wp-content\/uploads\/sites\/6\/2020\/06\/am-i-a-replanter.jpg\",\"datePublished\":\"2023-10-09T19:39:04+00:00\",\"dateModified\":\"2023-10-09T19:43:25+00:00\",\"breadcrumb\":{\"@id\":\"https:\/\/www.namb.net\/church-replanting\/become-a-replanter-espanol\/#breadcrumb\"},\"inLanguage\":\"en-US\",\"potentialAction\":[{\"@type\":\"ReadAction\",\"target\":[\"https:\/\/www.namb.net\/church-replanting\/become-a-replanter-espanol\/\"]}]},{\"@type\":\"ImageObject\",\"inLanguage\":\"en-US\",\"@id\":\"https:\/\/www.namb.net\/church-replanting\/become-a-replanter-espanol\/#primaryimage\",\"url\":\"https:\/\/www.namb.net\/church-replanting\/wp-content\/uploads\/sites\/6\/2020\/06\/am-i-a-replanter.jpg\",\"contentUrl\":\"https:\/\/www.namb.net\/church-replanting\/wp-content\/uploads\/sites\/6\/2020\/06\/am-i-a-replanter.jpg\",\"width\":800,\"height\":1200},{\"@type\":\"BreadcrumbList\",\"@id\":\"https:\/\/www.namb.net\/church-replanting\/become-a-replanter-espanol\/#breadcrumb\",\"itemListElement\":[{\"@type\":\"ListItem\",\"position\":1,\"name\":\"Home\",\"item\":\"https:\/\/www.namb.net\/church-replanting\/\"},{\"@type\":\"ListItem\",\"position\":2,\"name\":\"Become a Replanter Espanol\"}]},{\"@type\":\"WebSite\",\"@id\":\"https:\/\/www.namb.net\/church-replanting\/#website\",\"url\":\"https:\/\/www.namb.net\/church-replanting\/\",\"name\":\"Church Replanting\",\"description\":\"\",\"publisher\":{\"@id\":\"https:\/\/www.namb.net\/church-replanting\/#organization\"},\"potentialAction\":[{\"@type\":\"SearchAction\",\"target\":{\"@type\":\"EntryPoint\",\"urlTemplate\":\"https:\/\/www.namb.net\/church-replanting\/?s={search_term_string}\"},\"query-input\":{\"@type\":\"PropertyValueSpecification\",\"valueRequired\":true,\"valueName\":\"search_term_string\"}}],\"inLanguage\":\"en-US\"},{\"@type\":\"Organization\",\"@id\":\"https:\/\/www.namb.net\/church-replanting\/#organization\",\"name\":\"Church Replanting\",\"url\":\"https:\/\/www.namb.net\/church-replanting\/\",\"logo\":{\"@type\":\"ImageObject\",\"inLanguage\":\"en-US\",\"@id\":\"https:\/\/www.namb.net\/church-replanting\/#\/schema\/logo\/image\/\",\"url\":\"https:\/\/www.namb.net\/church-replanting\/wp-content\/uploads\/sites\/6\/2024\/01\/NAMB-Logo_Full_White.png\",\"contentUrl\":\"https:\/\/www.namb.net\/church-replanting\/wp-content\/uploads\/sites\/6\/2024\/01\/NAMB-Logo_Full_White.png\",\"width\":2560,\"height\":523,\"caption\":\"Church Replanting\"},\"image\":{\"@id\":\"https:\/\/www.namb.net\/church-replanting\/#\/schema\/logo\/image\/\"}}]}<\/script>\n<!-- \/ Yoast SEO Premium plugin. -->","yoast_head_json":{"title":"Become a Replanter Espanol - Church Replanting","robots":{"index":"index","follow":"follow","max-snippet":"max-snippet:-1","max-image-preview":"max-image-preview:large","max-video-preview":"max-video-preview:-1"},"canonical":"https:\/\/www.namb.net\/church-replanting\/become-a-replanter-espanol\/","og_locale":"en_US","og_type":"article","og_title":"Become a Replanter Espanol","og_description":"Caracter\u00edsticas del replantador y revitalizador Hay 13 caracter\u00edsticas que los pastores deben desarrollar para ser replantadores &hellip; Become a Replanter Espanol Read More &raquo;","og_url":"https:\/\/www.namb.net\/church-replanting\/become-a-replanter-espanol\/","og_site_name":"Church Replanting","article_modified_time":"2023-10-09T19:43:25+00:00","og_image":[{"width":800,"height":1200,"url":"https:\/\/www.namb.net\/church-replanting\/wp-content\/uploads\/sites\/6\/2020\/06\/am-i-a-replanter.jpg","type":"image\/jpeg"}],"twitter_card":"summary_large_image","twitter_misc":{"Est. reading time":"2 minutes"},"schema":{"@context":"https:\/\/schema.org","@graph":[{"@type":"WebPage","@id":"https:\/\/www.namb.net\/church-replanting\/become-a-replanter-espanol\/","url":"https:\/\/www.namb.net\/church-replanting\/become-a-replanter-espanol\/","name":"Become a Replanter Espanol - Church Replanting","isPartOf":{"@id":"https:\/\/www.namb.net\/church-replanting\/#website"},"primaryImageOfPage":{"@id":"https:\/\/www.namb.net\/church-replanting\/become-a-replanter-espanol\/#primaryimage"},"image":{"@id":"https:\/\/www.namb.net\/church-replanting\/become-a-replanter-espanol\/#primaryimage"},"thumbnailUrl":"https:\/\/www.namb.net\/church-replanting\/wp-content\/uploads\/sites\/6\/2020\/06\/am-i-a-replanter.jpg","datePublished":"2023-10-09T19:39:04+00:00","dateModified":"2023-10-09T19:43:25+00:00","breadcrumb":{"@id":"https:\/\/www.namb.net\/church-replanting\/become-a-replanter-espanol\/#breadcrumb"},"inLanguage":"en-US","potentialAction":[{"@type":"ReadAction","target":["https:\/\/www.namb.net\/church-replanting\/become-a-replanter-espanol\/"]}]},{"@type":"ImageObject","inLanguage":"en-US","@id":"https:\/\/www.namb.net\/church-replanting\/become-a-replanter-espanol\/#primaryimage","url":"https:\/\/www.namb.net\/church-replanting\/wp-content\/uploads\/sites\/6\/2020\/06\/am-i-a-replanter.jpg","contentUrl":"https:\/\/www.namb.net\/church-replanting\/wp-content\/uploads\/sites\/6\/2020\/06\/am-i-a-replanter.jpg","width":800,"height":1200},{"@type":"BreadcrumbList","@id":"https:\/\/www.namb.net\/church-replanting\/become-a-replanter-espanol\/#breadcrumb","itemListElement":[{"@type":"ListItem","position":1,"name":"Home","item":"https:\/\/www.namb.net\/church-replanting\/"},{"@type":"ListItem","position":2,"name":"Become a Replanter Espanol"}]},{"@type":"WebSite","@id":"https:\/\/www.namb.net\/church-replanting\/#website","url":"https:\/\/www.namb.net\/church-replanting\/","name":"Church Replanting","description":"","publisher":{"@id":"https:\/\/www.namb.net\/church-replanting\/#organization"},"potentialAction":[{"@type":"SearchAction","target":{"@type":"EntryPoint","urlTemplate":"https:\/\/www.namb.net\/church-replanting\/?s={search_term_string}"},"query-input":{"@type":"PropertyValueSpecification","valueRequired":true,"valueName":"search_term_string"}}],"inLanguage":"en-US"},{"@type":"Organization","@id":"https:\/\/www.namb.net\/church-replanting\/#organization","name":"Church Replanting","url":"https:\/\/www.namb.net\/church-replanting\/","logo":{"@type":"ImageObject","inLanguage":"en-US","@id":"https:\/\/www.namb.net\/church-replanting\/#\/schema\/logo\/image\/","url":"https:\/\/www.namb.net\/church-replanting\/wp-content\/uploads\/sites\/6\/2024\/01\/NAMB-Logo_Full_White.png","contentUrl":"https:\/\/www.namb.net\/church-replanting\/wp-content\/uploads\/sites\/6\/2024\/01\/NAMB-Logo_Full_White.png","width":2560,"height":523,"caption":"Church Replanting"},"image":{"@id":"https:\/\/www.namb.net\/church-replanting\/#\/schema\/logo\/image\/"}}]}},"_links":{"self":[{"href":"https:\/\/www.namb.net\/church-replanting\/wp-json\/wp\/v2\/pages\/13372"}],"collection":[{"href":"https:\/\/www.namb.net\/church-replanting\/wp-json\/wp\/v2\/pages"}],"about":[{"href":"https:\/\/www.namb.net\/church-replanting\/wp-json\/wp\/v2\/types\/page"}],"author":[{"embeddable":true,"href":"https:\/\/www.namb.net\/church-replanting\/wp-json\/wp\/v2\/users\/53"}],"replies":[{"embeddable":true,"href":"https:\/\/www.namb.net\/church-replanting\/wp-json\/wp\/v2\/comments?post=13372"}],"version-history":[{"count":0,"href":"https:\/\/www.namb.net\/church-replanting\/wp-json\/wp\/v2\/pages\/13372\/revisions"}],"wp:featuredmedia":[{"embeddable":true,"href":"https:\/\/www.namb.net\/church-replanting\/wp-json\/wp\/v2\/media\/1503"}],"wp:attachment":[{"href":"https:\/\/www.namb.net\/church-replanting\/wp-json\/wp\/v2\/media?parent=13372"}],"curies":[{"name":"wp","href":"https:\/\/api.w.org\/{rel}","templated":true}]}}