{"id":18154,"date":"2021-12-15T13:55:30","date_gmt":"2021-12-15T18:55:30","guid":{"rendered":"https:\/\/www.namb.net\/send-network\/iglesias-de-envio\/"},"modified":"2022-10-28T11:43:47","modified_gmt":"2022-10-28T15:43:47","slug":"iglesias-de-envio","status":"publish","type":"page","link":"https:\/\/www.namb.net\/send-network\/es\/iglesias-de-envio\/","title":{"rendered":"Iglesias de env\u00edo"},"content":{"rendered":"\n\n\t<h1>Iglesias de env\u00edo<\/h1>\n<p>Recursos para ayudar a sus plantadores y a sus equipos de plantaci\u00f3n.<\/p>\n\t<aside id=\"local-subnav\">\n   <a href=\"#overview\">\n       1\n        <h3>Resumen<\/h3>\n        <p>\u00bfQu\u00e9 es una iglesia de env\u00edo?<\/p>\n    <\/a> \n    <a href=\"#discovery\">\n       2\n        <h3>Descubrimiento<\/h3>\n        <p>Herramientas para encontrar posibles plantadores.<\/p>\n    <\/a> \n    <a href=\"#care\">\n       3\n        <h3>Cuidado<\/h3>\n        <p>Herramientas para el cuidado de los equipos de plantaci\u00f3n.<\/p>\n    <\/a> \n    <a href=\"#commit\">\n       4\n        <h3>Compromiso<\/h3>\n        <p>Convi\u00e9rtase en una iglesia de env\u00edo.<\/p>\n    <\/a> \n<\/aside>\n\t<h3>Las iglesias de env\u00edo sanas plantan iglesias sanas.<\/h3>\n<p>Las iglesias de env\u00edo desempe\u00f1an un papel fundamental en la plantaci\u00f3n de iglesias. Send Network est\u00e1 aqu\u00ed para ayudar a su iglesia a plantar una iglesia y para proporcionar recursos y asistencia mientras lo hace.<\/p>\n<p>\u00bfNecesita ayuda para empezar? Nos encantar\u00eda hablar sobre su pr\u00f3ximo paso para convertirse en una Iglesia de Env\u00edo.<\/p>\n\n\t\t\t\t\t<img decoding=\"async\" src=\"https:\/\/www.namb.net\/send-network\/wp-content\/uploads\/sites\/5\/2022\/05\/Screen-Shot-2022-05-04-at-3.43.43-PM.png\" alt=\/>\n\t\t\t\t<a href=\"https:\/\/www.namb.net\/send-network\/wp-content\/uploads\/sites\/5\/2022\/06\/Send-Network-Sending-Church-Resource-Kit.pdf\" target=\"_blank\" rel=\"noopener\" itemprop=\"url\">\n\t\t\t\t<img loading=\"lazy\" decoding=\"async\" src=\"https:\/\/www.namb.net\/send-network\/wp-content\/uploads\/sites\/5\/2022\/10\/Screen-Shot-2022-10-28-at-11.43.02-AM-1.png\" alt=\"Screen Shot 2022-10-28 at 11.43.02 AM\" itemprop=\"image\" height=\"1186\" width=\"918\" title=\"Screen Shot 2022-10-28 at 11.43.02 AM\" onerror=\"this.style.display='none'\"  \/>\n\t\t\t\t<\/a>\n\t<h3>Kit de recursos de la iglesia de env\u00edo<\/h3>\n<p>Este kit de recursos para iglesias que env\u00edan est\u00e1 dise\u00f1ado para ayudar a las iglesias a enviar bien a los plantadores. Desde ayudar a su congregaci\u00f3n a abrazar el coraz\u00f3n de Dios para las naciones hasta encontrar y desarrollar su primer plantador de iglesias, aqu\u00ed hay recursos para empezar.<\/p>\n\n\t<h3>Recursos de las iglesias remitentes para ayudarle a usted y a su plantador a prosperar<\/h3>\n<p>Es dif\u00edcil saber qu\u00e9 se espera de una Iglesia de env\u00edo. Usted quiere que el plantador y su equipo prosperen, pero no tiene claro cu\u00e1l es la mejor manera de hacerlo. Podemos ayudar.<\/p>\n<p>\u00bfNecesita ayuda para empezar a ser una Iglesia de env\u00edo? Nos encantar\u00eda hablar sobre su pr\u00f3ximo paso para convertirse en una Iglesia de Env\u00edo.<\/p>\n\n\t<h3>&iquest;Qu&eacute; es una Iglesia de env&iacute;o?<\/h3>\n<p>Las iglesias de env&iacute;o asumen la responsabilidad de plantar una iglesia multiplicadora, entrenando, comisionando y cuidando a un plantador en particular.<\/p>\n<ul>\n<li><a href=\"https:\/\/www.namb.net\/send-network\/wp-content\/uploads\/sites\/5\/2022\/10\/1-&iquest;Que\u0301-es-una-iglesia-enviadora-de-Send-Network_.pdf\">Visi&oacute;n general de la Iglesia de env&iacute;o<\/a><\/li>\n<li><a href=\"https:\/\/www.namb.net\/send-network\/wp-content\/uploads\/sites\/5\/2022\/10\/2-Elementos-esenciales-de-la-iglesia-enviadora.pdf\">Esenciales de la iglesia de env&iacute;o<\/a><\/li>\n<li><a href=\"https:\/\/www.namb.net\/send-network\/wp-content\/uploads\/sites\/5\/2022\/10\/3-Mejores-pra\u0301cticas-de-la-iglesia-enviadora.pdf\">Consejos profesionales<\/a><\/li>\n<\/ul>\n\t<h3>Descubrir y desarrollar plantadores<\/h3>\n<p>Su iglesia ofrece un terreno f&eacute;rtil para descubrir a los futuros l&iacute;deres y proporcionar el mejor campo de entrenamiento para su desarrollo. Para que esto ocurra, los l&iacute;deres actuales deben reconocer y exhortar a los l&iacute;deres j&oacute;venes a la labor vital del liderazgo de la iglesia.<\/p>\n<ul>\n<li><a href=\"https:\/\/www.namb.net\/send-network\/wp-content\/uploads\/sites\/5\/2022\/10\/1-Do\u0301nde-encontrar-plantadores-potenciales.pdf\">C&oacute;mo desarrollar a los plantadores potenciales<\/a><\/li>\n<li><a href=\"https:\/\/www.namb.net\/send-network\/wp-content\/uploads\/sites\/5\/2022\/10\/2-Co\u0301mo-desarrollar-plantadores-potenciales.pdf\">Consejos de los profesionales del coaching<\/a><\/li>\n<li><a href=\"https:\/\/www.namb.net\/send-network\/wp-content\/uploads\/sites\/5\/2022\/10\/3-Lo-que-significa-dar-coaching-a-tu-plantador.pdf\">Conversaciones de coaching<\/a><\/li>\n<li><a href=\"https:\/\/www.namb.net\/send-network\/wp-content\/uploads\/sites\/5\/2022\/10\/4-Conversaciones-de-coaching-para-tener-con-un-plantador-potencial.pdf\">Conversaciones de<br \/>coaching para tener con un<br \/>plantador potencial<\/a><\/li>\n<\/ul>\n\t<h3>Encargar y cuidar los equipos de plantaci\u00f3n<\/h3>\n<p>Despu\u00e9s de descubrir y desarrollar su plantador, usted les encarga el trabajo. Las iglesias de env\u00edo, env\u00edan a sus plantadores y a sus equipos y cuidan de ellos mientras cumplen su misi\u00f3n en su contexto.<\/p>\n<ul>\n<li>\n<ul>\n<li><a href=\"https:\/\/www.namb.net\/send-network\/wp-content\/uploads\/sites\/5\/2022\/10\/1-Co\u0301mo-nombrar-a-tu-plantador.pdf\">Consejos profesionales para la puesta en marcha<\/a><\/li>\n<li><a href=\"https:\/\/www.namb.net\/send-network\/wp-content\/uploads\/sites\/5\/2022\/10\/2-Co\u0301mo-construir-un-acuerdo-de-colaboracio\u0301n.pdf\">C\u00f3mo elaborar un acuerdo de asociaci\u00f3n<\/a><\/li>\n<li><a href=\"https:\/\/www.namb.net\/send-network\/wp-content\/uploads\/sites\/5\/2022\/10\/3-Co\u0301mo-ayudar-financieramente-a-una-plantacio\u0301n.pdf\">C\u00f3mo ayudar financieramente a una plantacion<\/a><\/li>\n<li><a href=\"https:\/\/www.namb.net\/send-network\/wp-content\/uploads\/sites\/5\/2022\/10\/4-Co\u0301mo-brindarle-cuidado-pastoral-a-tu-plantador.pdf\">Consejos de Care Pro<\/a><\/li>\n<li><a href=\"https:\/\/www.namb.net\/send-network\/wp-content\/uploads\/sites\/5\/2022\/10\/5-Consideraciones-administrativas-y-legales-para-las-iglesias-enviadoras-y-las-iglesias-en-plantacio\u0301n.pdf\">Consideraciones administrativas y jur\u00eddicas<\/a><\/li>\n<\/ul>\n<\/li>\n<\/ul>\n\t<p>Las iglesias remitentes asumen la responsabilidad de plantar una iglesia multiplicadora, entrenando, comisionando y cuidando a un plantador en particular.<\/p>\n        <h3>Visi\u00f3n general de la Iglesia de env\u00edo<\/h3>\n        <a href=\"https:\/\/www.namb.net\/send-network\/wp-content\/uploads\/sites\/5\/2022\/03\/Send_Network_Sending_Churches.pdf\" target=\"_BLANK\" rel=\"noopener\">Descargar PDF<\/a>\n        <h3>Esenciales de la iglesia de env\u00edo<\/h3>\n        <a href=\"https:\/\/www.namb.net\/send-network\/wp-content\/uploads\/sites\/5\/2022\/03\/Sending_Church_Essentials.pdf\" target=\"_BLANK\" rel=\"noopener\">Descargar PDF<\/a>\n        <h3>Consejos profesionales para el env\u00edo de iglesias<\/h3>\n        <a href=\"https:\/\/www.namb.net\/send-network\/wp-content\/uploads\/sites\/5\/2022\/03\/Sending_Church_Pro_Tips.pdf\" target=\"_BLANK\" rel=\"noopener\">Descargar PDF<\/a>\n        <h3>\u00bfPor qu\u00e9 plantar iglesias?<\/h3>\n        <a href=\"https:\/\/www.namb.net\/send-network\/wp-content\/uploads\/sites\/5\/2022\/01\/Why-plant-churches.pdf\" target=\"_BLANK\" rel=\"noopener\">Descargar PDF<\/a>\n        <h3>Cuatro objeciones a la plantaci\u00f3n de iglesias<\/h3>\n        <a href=\"https:\/\/www.namb.net\/send-network\/wp-content\/uploads\/sites\/5\/2022\/01\/Objections-to-Church-Planting-.pdf\" target=\"_BLANK\" rel=\"noopener\">Descargar PDF<\/a>\n        <h3>\u00bfPor qu\u00e9 convertirse en una iglesia de env\u00edo?<\/h3>\n        <a href=\"https:\/\/www.namb.net\/send-network\/wp-content\/uploads\/sites\/5\/2022\/01\/Why-Be-a-Sending-Church.pdf\" target=\"_BLANK\" rel=\"noopener\">Descargar PDF<\/a>\n\t<p>Su iglesia ofrece un terreno f\u00e9rtil para descubrir a los futuros l\u00edderes y proporcionar el mejor campo de entrenamiento para su desarrollo. Para que esto ocurra, los l\u00edderes actuales deben reconocer y exhortar a los l\u00edderes j\u00f3venes a la labor vital del liderazgo de la iglesia.<\/p>\n        <h3>D\u00f3nde encontrar posibles plantadores <\/h3>\n        <a href=\"https:\/\/www.namb.net\/send-network\/wp-content\/uploads\/sites\/5\/2022\/03\/Where_to_find_potential_planters.pdf\" target=\"_BLANK\" rel=\"noopener\">Descargar PDF<\/a>\n        <h3>C\u00f3mo desarrollar a los plantadores potenciales<\/h3>\n        <a href=\"https:\/\/www.namb.net\/send-network\/wp-content\/uploads\/sites\/5\/2022\/03\/How_to_develop_potential_planters.pdf\" target=\"_BLANK\" rel=\"noopener\">Descargar PDF<\/a>\n        <h3>Encuesta y resumen de Pipeline <\/h3>\n        <a href=\"https:\/\/www.namb.net\/send-network\/wp-content\/uploads\/sites\/5\/2022\/01\/Pipeline-Survey-Summary.pdf\" target=\"_BLANK\" rel=\"noopener\">Descargar PDF<\/a>\n        <h3>Multiplication Pipeline <\/h3>\n        <a href=\"https:\/\/www.namb.net\/send-network\/wp-content\/uploads\/sites\/5\/2022\/01\/Multiplication-Pipeline.pdf\" target=\"_BLANK\" rel=\"noopener\">Descargar PDF<\/a>\n        <h3>Punto de partida <\/h3>\n        <a href=\"https:\/\/www.namb.net\/send-network\/wp-content\/uploads\/sites\/5\/2022\/01\/Starting-Point.pdf\" target=\"_BLANK\" rel=\"noopener\">Descargar PDF<\/a>\n<!--\n        <h3>Send Network Resource Library<\/h3>\n        <a href=\"https:\/\/www.namb.net\/send-network\/wp-content\/uploads\/sites\/5\/2022\/01\/Resource-Library.pdf\" target=\"_BLANK\" rel=\"noopener\">Download PDF<\/a>\n-->\n        <h3>Gu\u00eda de inicio r\u00e1pido de la residencia<\/h3>\n        <a href=\"https:\/\/www.namb.net\/send-network\/wp-content\/uploads\/sites\/5\/2022\/01\/SEND_Network_Residency_Quick_Start_Guide-3.pdf\" target=\"_BLANK\" rel=\"noopener\">Descargar PDF<\/a>\n        <h3>Consejos de los profesionales del coaching<\/h3>\n        <a href=\"https:\/\/www.namb.net\/send-network\/wp-content\/uploads\/sites\/5\/2022\/03\/Coaching_Pro_Tips.pdf\" target=\"_BLANK\" rel=\"noopener\">Descargar PDF<\/a>\n        <h3>Conversaciones de coaching <\/h3>\n        <a href=\"https:\/\/www.namb.net\/send-network\/wp-content\/uploads\/sites\/5\/2022\/03\/Coaching_conversations.pdf\" target=\"_BLANK\" rel=\"noopener\">Descargar PDF<\/a>\n\t<p>Despu\u00e9s de descubrir y desarrollar su plantador, usted les encarga el trabajo. Las iglesias de env\u00edo, env\u00edan a sus plantadores y a sus equipos y cuidan de ellos mientras cumplen su misi\u00f3n en su contexto.<\/p>\n    <h3>Consejos profesionales para la puesta en marcha<\/h3>\n    <a href=\"https:\/\/www.namb.net\/send-network\/wp-content\/uploads\/sites\/5\/2022\/03\/Commissioning_Pro_Tips.pdf\" target=\"_BLANK\" rel=\"noopener\">Descargar PDF<\/a>\n    <h3>C\u00f3mo elaborar un acuerdo de asociaci\u00f3n<\/h3>\n    <a href=\"https:\/\/www.namb.net\/send-network\/wp-content\/uploads\/sites\/5\/2022\/03\/How_to_build_a_partnership_agreement.pdf\" target=\"_BLANK\" rel=\"noopener\">Descargar PDF<\/a>\n    <h3>C\u00f3mo ayudar financieramente a una planta<\/h3>\n    <a href=\"https:\/\/www.namb.net\/send-network\/wp-content\/uploads\/sites\/5\/2022\/03\/How_to_help_a_plant_financially.pdf\" target=\"_BLANK\" rel=\"noopener\">Descargar PDF<\/a>\n    <h3>Consejos de Care Pro<\/h3>\n    <a href=\"https:\/\/www.namb.net\/send-network\/wp-content\/uploads\/sites\/5\/2022\/03\/Care_Pro_Tips.pdf\" target=\"_BLANK\" rel=\"noopener\">Descargar PDF<\/a>\n    <h3>Consideraciones administrativas y jur\u00eddicas<\/h3>\n    <a href=\"https:\/\/www.namb.net\/send-network\/wp-content\/uploads\/sites\/5\/2022\/03\/Administrative_and_legal_considerations.pdf\" target=\"_BLANK\" rel=\"noopener\">Descargar PDF<\/a>\n\t<h2>\u00bfListo para comprometerse a ser una Iglesia de Env\u00edo?<\/h2>\n<p>Este acuerdo representa su compromiso como Iglesia de Env\u00edo de asumir la responsabilidad de su plantador de iglesias.<\/p>\n\n\t<h2>\u00bfPreguntas?<\/h2>\n<p>P\u00f3ngase en contacto con nuestro equipo si tiene alguna pregunta y estaremos encantados de ayudarle.<\/p>\n    <a href=\"mailto:church@namb.net\">Church@namb.net<\/a>\n\n","protected":false},"excerpt":{"rendered":"<p>Iglesias de env\u00edo Recursos para ayudar a sus plantadores y a sus equipos de plantaci\u00f3n. 1 &hellip;<\/p>\n<p class=\"read-more\"> <a class=\"\" href=\"https:\/\/www.namb.net\/send-network\/es\/iglesias-de-envio\/\"> <span class=\"screen-reader-text\">Iglesias de env\u00edo<\/span> Leer m\u00e1s &raquo;<\/a><\/p>\n","protected":false},"author":1,"featured_media":12237,"parent":0,"menu_order":0,"comment_status":"closed","ping_status":"closed","template":"","meta":{"_oasis_is_in_workflow":0,"_oasis_original":0,"content-type":"","site-sidebar-layout":"no-sidebar","site-content-layout":"page-builder","ast-site-content-layout":"full-width-container","site-content-style":"unboxed","site-sidebar-style":"unboxed","ast-global-header-display":"","ast-banner-title-visibility":"","ast-main-header-display":"","ast-hfb-above-header-display":"","ast-hfb-below-header-display":"","ast-hfb-mobile-header-display":"","site-post-title":"disabled","ast-breadcrumbs-content":"","ast-featured-img":"disabled","footer-sml-layout":"","theme-transparent-header-meta":"enabled","adv-header-id-meta":"","stick-header-meta":"","header-above-stick-meta":"","header-main-stick-meta":"","header-below-stick-meta":"","astra-migrate-meta-layouts":"","ast-page-background-enabled":"default","ast-page-background-meta":{"desktop":{"background-color":"","background-image":"","background-repeat":"repeat","background-position":"center center","background-size":"auto","background-attachment":"scroll","background-type":"","background-media":"","overlay-type":"","overlay-color":"","overlay-gradient":""},"tablet":{"background-color":"","background-image":"","background-repeat":"repeat","background-position":"center center","background-size":"auto","background-attachment":"scroll","background-type":"","background-media":"","overlay-type":"","overlay-color":"","overlay-gradient":""},"mobile":{"background-color":"","background-image":"","background-repeat":"repeat","background-position":"center center","background-size":"auto","background-attachment":"scroll","background-type":"","background-media":"","overlay-type":"","overlay-color":"","overlay-gradient":""}},"ast-content-background-meta":{"desktop":{"background-color":"var(--ast-global-color-5)","background-image":"","background-repeat":"repeat","background-position":"center center","background-size":"auto","background-attachment":"scroll","background-type":"","background-media":"","overlay-type":"","overlay-color":"","overlay-gradient":""},"tablet":{"background-color":"var(--ast-global-color-5)","background-image":"","background-repeat":"repeat","background-position":"center center","background-size":"auto","background-attachment":"scroll","background-type":"","background-media":"","overlay-type":"","overlay-color":"","overlay-gradient":""},"mobile":{"background-color":"var(--ast-global-color-5)","background-image":"","background-repeat":"repeat","background-position":"center center","background-size":"auto","background-attachment":"scroll","background-type":"","background-media":"","overlay-type":"","overlay-color":"","overlay-gradient":""}},"footnotes":""},"class_list":["post-18154","page","type-page","status-publish","has-post-thumbnail","hentry"],"acf":[],"yoast_head":"<!-- This site is optimized with the Yoast SEO Premium plugin v24.0 (Yoast SEO v24.0) - https:\/\/yoast.com\/wordpress\/plugins\/seo\/ -->\n<title>Iglesias de env\u00edo - Send Network<\/title>\n<meta name=\"robots\" content=\"noindex, follow\" \/>\n<meta property=\"og:locale\" content=\"es_ES\" \/>\n<meta property=\"og:type\" content=\"article\" \/>\n<meta property=\"og:title\" content=\"Iglesias de env\u00edo\" \/>\n<meta property=\"og:description\" content=\"Iglesias de env\u00edo Recursos para ayudar a sus plantadores y a sus equipos de plantaci\u00f3n. 1 &hellip; Iglesias de env\u00edo Leer m\u00e1s &raquo;\" \/>\n<meta property=\"og:url\" content=\"https:\/\/www.namb.net\/send-network\/es\/iglesias-de-envio\/\" \/>\n<meta property=\"og:site_name\" content=\"Send Network\" \/>\n<meta property=\"article:publisher\" content=\"https:\/\/www.facebook.com\/SendNetwork\/\" \/>\n<meta property=\"article:modified_time\" content=\"2022-10-28T15:43:47+00:00\" \/>\n<meta property=\"og:image\" content=\"https:\/\/www.namb.net\/send-network\/wp-content\/uploads\/sites\/5\/2020\/06\/residency-feature.jpg\" \/>\n\t<meta property=\"og:image:width\" content=\"1800\" \/>\n\t<meta property=\"og:image:height\" content=\"1200\" \/>\n\t<meta property=\"og:image:type\" content=\"image\/jpeg\" \/>\n<meta name=\"twitter:card\" content=\"summary_large_image\" \/>\n<meta name=\"twitter:site\" content=\"@sendnetwork\" \/>\n<meta name=\"twitter:label1\" content=\"Tiempo de lectura\" \/>\n\t<meta name=\"twitter:data1\" content=\"4 minutos\" \/>\n<script type=\"application\/ld+json\" class=\"yoast-schema-graph\">{\"@context\":\"https:\/\/schema.org\",\"@graph\":[{\"@type\":\"WebPage\",\"@id\":\"https:\/\/www.namb.net\/send-network\/es\/iglesias-de-envio\/\",\"url\":\"https:\/\/www.namb.net\/send-network\/es\/iglesias-de-envio\/\",\"name\":\"Iglesias de env\u00edo - Send Network\",\"isPartOf\":{\"@id\":\"https:\/\/www.namb.net\/send-network\/#website\"},\"primaryImageOfPage\":{\"@id\":\"https:\/\/www.namb.net\/send-network\/es\/iglesias-de-envio\/#primaryimage\"},\"image\":{\"@id\":\"https:\/\/www.namb.net\/send-network\/es\/iglesias-de-envio\/#primaryimage\"},\"thumbnailUrl\":\"https:\/\/www.namb.net\/send-network\/wp-content\/uploads\/sites\/5\/2020\/06\/residency-feature.jpg\",\"datePublished\":\"2021-12-15T18:55:30+00:00\",\"dateModified\":\"2022-10-28T15:43:47+00:00\",\"breadcrumb\":{\"@id\":\"https:\/\/www.namb.net\/send-network\/es\/iglesias-de-envio\/#breadcrumb\"},\"inLanguage\":\"es\",\"potentialAction\":[{\"@type\":\"ReadAction\",\"target\":[\"https:\/\/www.namb.net\/send-network\/es\/iglesias-de-envio\/\"]}]},{\"@type\":\"ImageObject\",\"inLanguage\":\"es\",\"@id\":\"https:\/\/www.namb.net\/send-network\/es\/iglesias-de-envio\/#primaryimage\",\"url\":\"https:\/\/www.namb.net\/send-network\/wp-content\/uploads\/sites\/5\/2020\/06\/residency-feature.jpg\",\"contentUrl\":\"https:\/\/www.namb.net\/send-network\/wp-content\/uploads\/sites\/5\/2020\/06\/residency-feature.jpg\",\"width\":1800,\"height\":1200},{\"@type\":\"BreadcrumbList\",\"@id\":\"https:\/\/www.namb.net\/send-network\/es\/iglesias-de-envio\/#breadcrumb\",\"itemListElement\":[{\"@type\":\"ListItem\",\"position\":1,\"name\":\"Home\",\"item\":\"https:\/\/www.namb.net\/send-network\/es\/\"},{\"@type\":\"ListItem\",\"position\":2,\"name\":\"Iglesias de env\u00edo\"}]},{\"@type\":\"WebSite\",\"@id\":\"https:\/\/www.namb.net\/send-network\/#website\",\"url\":\"https:\/\/www.namb.net\/send-network\/\",\"name\":\"Send Network\",\"description\":\"Church Planting Network\",\"publisher\":{\"@id\":\"https:\/\/www.namb.net\/send-network\/#organization\"},\"potentialAction\":[{\"@type\":\"SearchAction\",\"target\":{\"@type\":\"EntryPoint\",\"urlTemplate\":\"https:\/\/www.namb.net\/send-network\/?s={search_term_string}\"},\"query-input\":{\"@type\":\"PropertyValueSpecification\",\"valueRequired\":true,\"valueName\":\"search_term_string\"}}],\"inLanguage\":\"es\"},{\"@type\":\"Organization\",\"@id\":\"https:\/\/www.namb.net\/send-network\/#organization\",\"name\":\"Send Network\",\"url\":\"https:\/\/www.namb.net\/send-network\/\",\"logo\":{\"@type\":\"ImageObject\",\"inLanguage\":\"es\",\"@id\":\"https:\/\/www.namb.net\/send-network\/#\/schema\/logo\/image\/\",\"url\":\"https:\/\/www.namb.net\/send-network\/wp-content\/uploads\/sites\/5\/2016\/07\/SN-Logo_Linear_Brandmark-Solid_BlueNavy_RGB.png\",\"contentUrl\":\"https:\/\/www.namb.net\/send-network\/wp-content\/uploads\/sites\/5\/2016\/07\/SN-Logo_Linear_Brandmark-Solid_BlueNavy_RGB.png\",\"width\":2560,\"height\":393,\"caption\":\"Send Network\"},\"image\":{\"@id\":\"https:\/\/www.namb.net\/send-network\/#\/schema\/logo\/image\/\"},\"sameAs\":[\"https:\/\/www.facebook.com\/SendNetwork\/\",\"https:\/\/x.com\/sendnetwork\",\"https:\/\/www.instagram.com\/wearesendnetwork\"]}]}<\/script>\n<!-- \/ Yoast SEO Premium plugin. -->","yoast_head_json":{"title":"Iglesias de env\u00edo - Send Network","robots":{"index":"noindex","follow":"follow"},"og_locale":"es_ES","og_type":"article","og_title":"Iglesias de env\u00edo","og_description":"Iglesias de env\u00edo Recursos para ayudar a sus plantadores y a sus equipos de plantaci\u00f3n. 1 &hellip; Iglesias de env\u00edo Leer m\u00e1s &raquo;","og_url":"https:\/\/www.namb.net\/send-network\/es\/iglesias-de-envio\/","og_site_name":"Send Network","article_publisher":"https:\/\/www.facebook.com\/SendNetwork\/","article_modified_time":"2022-10-28T15:43:47+00:00","og_image":[{"width":1800,"height":1200,"url":"https:\/\/www.namb.net\/send-network\/wp-content\/uploads\/sites\/5\/2020\/06\/residency-feature.jpg","type":"image\/jpeg"}],"twitter_card":"summary_large_image","twitter_site":"@sendnetwork","twitter_misc":{"Tiempo de lectura":"4 minutos"},"schema":{"@context":"https:\/\/schema.org","@graph":[{"@type":"WebPage","@id":"https:\/\/www.namb.net\/send-network\/es\/iglesias-de-envio\/","url":"https:\/\/www.namb.net\/send-network\/es\/iglesias-de-envio\/","name":"Iglesias de env\u00edo - Send Network","isPartOf":{"@id":"https:\/\/www.namb.net\/send-network\/#website"},"primaryImageOfPage":{"@id":"https:\/\/www.namb.net\/send-network\/es\/iglesias-de-envio\/#primaryimage"},"image":{"@id":"https:\/\/www.namb.net\/send-network\/es\/iglesias-de-envio\/#primaryimage"},"thumbnailUrl":"https:\/\/www.namb.net\/send-network\/wp-content\/uploads\/sites\/5\/2020\/06\/residency-feature.jpg","datePublished":"2021-12-15T18:55:30+00:00","dateModified":"2022-10-28T15:43:47+00:00","breadcrumb":{"@id":"https:\/\/www.namb.net\/send-network\/es\/iglesias-de-envio\/#breadcrumb"},"inLanguage":"es","potentialAction":[{"@type":"ReadAction","target":["https:\/\/www.namb.net\/send-network\/es\/iglesias-de-envio\/"]}]},{"@type":"ImageObject","inLanguage":"es","@id":"https:\/\/www.namb.net\/send-network\/es\/iglesias-de-envio\/#primaryimage","url":"https:\/\/www.namb.net\/send-network\/wp-content\/uploads\/sites\/5\/2020\/06\/residency-feature.jpg","contentUrl":"https:\/\/www.namb.net\/send-network\/wp-content\/uploads\/sites\/5\/2020\/06\/residency-feature.jpg","width":1800,"height":1200},{"@type":"BreadcrumbList","@id":"https:\/\/www.namb.net\/send-network\/es\/iglesias-de-envio\/#breadcrumb","itemListElement":[{"@type":"ListItem","position":1,"name":"Home","item":"https:\/\/www.namb.net\/send-network\/es\/"},{"@type":"ListItem","position":2,"name":"Iglesias de env\u00edo"}]},{"@type":"WebSite","@id":"https:\/\/www.namb.net\/send-network\/#website","url":"https:\/\/www.namb.net\/send-network\/","name":"Send Network","description":"Church Planting Network","publisher":{"@id":"https:\/\/www.namb.net\/send-network\/#organization"},"potentialAction":[{"@type":"SearchAction","target":{"@type":"EntryPoint","urlTemplate":"https:\/\/www.namb.net\/send-network\/?s={search_term_string}"},"query-input":{"@type":"PropertyValueSpecification","valueRequired":true,"valueName":"search_term_string"}}],"inLanguage":"es"},{"@type":"Organization","@id":"https:\/\/www.namb.net\/send-network\/#organization","name":"Send Network","url":"https:\/\/www.namb.net\/send-network\/","logo":{"@type":"ImageObject","inLanguage":"es","@id":"https:\/\/www.namb.net\/send-network\/#\/schema\/logo\/image\/","url":"https:\/\/www.namb.net\/send-network\/wp-content\/uploads\/sites\/5\/2016\/07\/SN-Logo_Linear_Brandmark-Solid_BlueNavy_RGB.png","contentUrl":"https:\/\/www.namb.net\/send-network\/wp-content\/uploads\/sites\/5\/2016\/07\/SN-Logo_Linear_Brandmark-Solid_BlueNavy_RGB.png","width":2560,"height":393,"caption":"Send Network"},"image":{"@id":"https:\/\/www.namb.net\/send-network\/#\/schema\/logo\/image\/"},"sameAs":["https:\/\/www.facebook.com\/SendNetwork\/","https:\/\/x.com\/sendnetwork","https:\/\/www.instagram.com\/wearesendnetwork"]}]}},"publishpress_future_action":{"enabled":false,"date":"1969-12-31 19:00:00","action":"","terms":[],"taxonomy":"","browser_timezone_offset":0},"_links":{"self":[{"href":"https:\/\/www.namb.net\/send-network\/es\/wp-json\/wp\/v2\/pages\/18154"}],"collection":[{"href":"https:\/\/www.namb.net\/send-network\/es\/wp-json\/wp\/v2\/pages"}],"about":[{"href":"https:\/\/www.namb.net\/send-network\/es\/wp-json\/wp\/v2\/types\/page"}],"author":[{"embeddable":true,"href":"https:\/\/www.namb.net\/send-network\/es\/wp-json\/wp\/v2\/users\/1"}],"replies":[{"embeddable":true,"href":"https:\/\/www.namb.net\/send-network\/es\/wp-json\/wp\/v2\/comments?post=18154"}],"version-history":[{"count":0,"href":"https:\/\/www.namb.net\/send-network\/es\/wp-json\/wp\/v2\/pages\/18154\/revisions"}],"wp:featuredmedia":[{"embeddable":true,"href":"https:\/\/www.namb.net\/send-network\/es\/wp-json\/wp\/v2\/media\/12237"}],"wp:attachment":[{"href":"https:\/\/www.namb.net\/send-network\/es\/wp-json\/wp\/v2\/media?parent=18154"}],"curies":[{"name":"wp","href":"https:\/\/api.w.org\/{rel}","templated":true}]}}