{"id":26377,"date":"2024-12-04T15:52:02","date_gmt":"2024-12-04T20:52:02","guid":{"rendered":"https:\/\/www.namb.net\/send-network\/?page_id=26377"},"modified":"2026-01-27T14:59:33","modified_gmt":"2026-01-27T19:59:33","slug":"9-esenciales","status":"publish","type":"page","link":"https:\/\/www.namb.net\/send-network\/es\/9-esenciales\/","title":{"rendered":"9 Esenciales"},"content":{"rendered":"\n\n\t<h1>9 Esenciales para un Plantador de Iglesias Fiel y Efectivo<\/h1>\n\tEste video explora las cualidades esenciales que todo plantador de iglesias debe cultivar para ser fiel y efectivo en su ministerio.<br \/>\nProfundiza en aspectos claves de la plantaci\u00f3n de iglesias, desde la salud espiritual personal hasta el liderazgo y la misi\u00f3n global, ayudando a los plantadores a crecer en efectividad ministerial y a comprender por qu\u00e9 estas caracter\u00edsticas son fundamentales para cumplir fielmente el llamado de Dios.\n\t\t\t\t\t<img decoding=\"async\" src=\"https:\/\/www.namb.net\/send-network\/wp-content\/uploads\/sites\/5\/2026\/01\/El-Plantador-de-Iglesias-Fiel-y-Efectivo-Thumbnail.jpg\" alt=\"\"\/>\n\n<p>Car\u00e1cter<\/p>\n\nEl verdadero \u00e9xito en la plantaci\u00f3n de iglesias no se encuentra en el carisma o la habilidad, sino en un car\u00e1cter semejante al de Cristo. Dios llama a los plantadores a perseguir la santidad, la humildad y la fidelidad; a vivir y terminar bien, mostrando Su gloria a trav\u00e9s de una vida marcada por un car\u00e1cter piadoso.\n\n<a href=\"https:\/\/www.namb.net\/send-network\/es\/resource\/caracter\">Descubre m\u00e1s <\/a>\n\t\t\t\t<img loading=\"lazy\" decoding=\"async\" src=\"https:\/\/www.namb.net\/send-network\/wp-content\/uploads\/sites\/5\/2025\/11\/2505_SN_9-Essentials_Article-Graphics_Espanol_1_Character-scaled.jpg\" alt=\"2505_SN_9 Essentials_Article Graphics_Espanol_1_Character\" itemprop=\"image\" height=\"1440\" width=\"2560\" title=\"2505_SN_9 Essentials_Article Graphics_Espanol_1_Character\" onerror=\"this.style.display='none'\"  \/>\n\n<p>Llamado<\/p>\n\nQueremos asegurarnos de que tengas plena confianza en tu llamado a servir en la plantaci\u00f3n de iglesias. Iniciar una nueva iglesia desde cero es una de las tareas m\u00e1s desafiantes en el ministerio. Tener seguridad en el llamado de Dios sobre tu vida es crucial para perseverar en las temporadas dif\u00edciles.\n\n<a href=\"https:\/\/www.namb.net\/send-network\/es\/resource\/llamado\">Descubre m\u00e1s <\/a>\n\t\t\t\t<img loading=\"lazy\" decoding=\"async\" src=\"https:\/\/www.namb.net\/send-network\/wp-content\/uploads\/sites\/5\/2025\/05\/2505_SN_9-Essentials_Article-Graphics_Espanol_3_Calling-scaled.jpg\" alt=\"2505_SN_9 Essentials_Article Graphics_Espanol_3_Calling\" itemprop=\"image\" height=\"1440\" width=\"2560\" title=\"2505_SN_9 Essentials_Article Graphics_Espanol_3_Calling\" onerror=\"this.style.display='none'\"  \/>\n\n<p>Oraci\u00f3n<\/p>\n\nLa plantaci\u00f3n de iglesias requiere m\u00e1s que estrategia: demanda una profunda dependencia de Dios a trav\u00e9s de la oraci\u00f3n. Un plantador fiel lidera con una vida de oraci\u00f3n personal vibrante y una iglesia que ora, buscando el poder de Dios para ver conversiones, transformaci\u00f3n comunitaria y el avance de Su reino.\n\n<a href=\"https:\/\/www.namb.net\/send-network\/es\/resource\/oracion\">Descubre m\u00e1s<\/a>\n\t\t\t\t<img loading=\"lazy\" decoding=\"async\" src=\"https:\/\/www.namb.net\/send-network\/wp-content\/uploads\/sites\/5\/2025\/11\/2505_SN_9-Essentials_Article-Graphics_Espanol_3_Prayer-scaled.jpg\" alt=\"2505_SN_9 Essentials_Article Graphics_Espanol_3_Prayer\" itemprop=\"image\" height=\"1440\" width=\"2560\" title=\"2505_SN_9 Essentials_Article Graphics_Espanol_3_Prayer\" onerror=\"this.style.display='none'\"  \/>\n\n<p>Misi\u00f3n<\/p>\n\nLa plantaci\u00f3n de iglesias no es simplemente comenzar un servicio de adoraci\u00f3n. Queremos que \u00abhagas la obra de un evangelista\u00bb (2 Timoteo 4:5) y que discipules y pastorees \u00abel reba\u00f1o de Dios\u00bb (1 Pedro 5:2). La capacitaci\u00f3n de Send Network prepara a los plantadores para alcanzar su ciudad con el evangelio, hacer disc\u00edpulos y plantar iglesias.\n\n<a href=\"https:\/\/www.namb.net\/send-network\/es\/resource\/mision\">Descubre m\u00e1s <\/a>\n\t\t\t\t<img loading=\"lazy\" decoding=\"async\" src=\"https:\/\/www.namb.net\/send-network\/wp-content\/uploads\/sites\/5\/2025\/05\/2505_SN_9-Essentials_Article-Graphics_Espanol_5_Mission-scaled.jpg\" alt=\"2505_SN_9 Essentials_Article Graphics_Espanol_5_Mission\" itemprop=\"image\" height=\"1440\" width=\"2560\" title=\"2505_SN_9 Essentials_Article Graphics_Espanol_5_Mission\" onerror=\"this.style.display='none'\"  \/>\n\n<p>Teolog\u00eda<\/p>\n\nLos plantadores necesitan estar firmemente arraigados en la teolog\u00eda y centrados en el evangelio. Como plantador, ser\u00e1s un te\u00f3logo p\u00fablico en tu comunidad, por lo que debes conocer bien tu Biblia y doctrina. Queremos que los plantadores sean maestros humildes y defensores de la sana doctrina.\n\n<a href=\"https:\/\/www.namb.net\/send-network\/es\/resource\/teologia\">Descubre m\u00e1s <\/a>\n\t\t\t\t<img loading=\"lazy\" decoding=\"async\" src=\"https:\/\/www.namb.net\/send-network\/wp-content\/uploads\/sites\/5\/2025\/05\/2505_SN_9-Essentials_Article-Graphics_Espanol_4_Theology-scaled.jpg\" alt=\"2505_SN_9 Essentials_Article Graphics_Espanol_4_Theology\" itemprop=\"image\" height=\"1440\" width=\"2560\" title=\"2505_SN_9 Essentials_Article Graphics_Espanol_4_Theology\" onerror=\"this.style.display='none'\"  \/>\n\n<p>Ense\u00f1anza<\/p>\n\nLos pastores deben ser aptos para ense\u00f1ar (1 Timoteo 3:2). Sin importar el contexto o la audiencia, los plantadores deben ser h\u00e1biles para explicar y aplicar las Escrituras a la luz de la persona y la obra de Cristo. Los plantadores deben mantenerse fieles a la Palabra de Dios, sin importar lo que suceda en la cultura que los rodea.\n\n<a href=\"https:\/\/www.namb.net\/send-network\/es\/resource\/ensenanza\">Descubre m\u00e1s <\/a>\n\t\t\t\t<img loading=\"lazy\" decoding=\"async\" src=\"https:\/\/www.namb.net\/send-network\/wp-content\/uploads\/sites\/5\/2025\/05\/2505_SN_9-Essentials_Article-Graphics_Espanol_6_Teaching-scaled.jpg\" alt=\"2505_SN_9 Essentials_Article Graphics_Espanol_6_Teaching\" itemprop=\"image\" height=\"1440\" width=\"2560\" title=\"2505_SN_9 Essentials_Article Graphics_Espanol_6_Teaching\" onerror=\"this.style.display='none'\"  \/>\n\n<p>La Iglesia<\/p>\n\nLos plantadores deben saber qu\u00e9 est\u00e1n plantando. Al finalizar la capacitaci\u00f3n de Send Network, debes entender temas esenciales de eclesiolog\u00eda, liderazgo y cuidado pastoral. Jes\u00fas ama a la iglesia, y todo plantador debe seguir el ejemplo de Jes\u00fas.\n&#8216;<a href=\"https:\/\/www.namb.net\/send-network\/es\/resource\/la-iglesia\">Descubre m\u00e1s<\/a>\n\t\t\t\t<img loading=\"lazy\" decoding=\"async\" src=\"https:\/\/www.namb.net\/send-network\/wp-content\/uploads\/sites\/5\/2025\/05\/2505_SN_9-Essentials_Article-Graphics_Espanol_7_The-Church-scaled.jpg\" alt=\"2505_SN_9 Essentials_Article Graphics_Espanol_7_The Church\" itemprop=\"image\" height=\"1440\" width=\"2560\" title=\"2505_SN_9 Essentials_Article Graphics_Espanol_7_The Church\" onerror=\"this.style.display='none'\"  \/>\n\n<p>Las Naciones<\/p>\n\n\u00bfCu\u00e1l es tu visi\u00f3n para que tu nueva iglesia alcance a las naciones con el evangelio? Los plantadores que buscan primero el reino de Dios procurar\u00e1n establecer alianzas globales. No pierdas de vista el bosque (las naciones) por enfocarte solo en los \u00e1rboles (tu vecindario).\n\n<a href=\"https:\/\/www.namb.net\/send-network\/es\/resource\/las-naciones\">Descubre m\u00e1s<\/a>\n\t\t\t\t<img loading=\"lazy\" decoding=\"async\" src=\"https:\/\/www.namb.net\/send-network\/wp-content\/uploads\/sites\/5\/2025\/05\/2505_SN_9-Essentials_Article-Graphics_Espanol_8_The-Nations-scaled.jpg\" alt=\"2505_SN_9 Essentials_Article Graphics_Espanol_8_The Nations\" itemprop=\"image\" height=\"1440\" width=\"2560\" title=\"2505_SN_9 Essentials_Article Graphics_Espanol_8_The Nations\" onerror=\"this.style.display='none'\"  \/>\n\n<p>Liderazgo Pr\u00e1ctico<\/p>\n\nLos plantadores deben ser fieles y efectivos. Un plantador es pastor, predicador, consejero, evangelista, recaudador de fondos y l\u00edder. Debes liderar al equipo, dirigir los servicios, coordinar reuniones y guiar a los voluntarios. Necesitas contar con las herramientas de un liderazgo sabio y pr\u00e1ctico para ser un plantador fiel y efectivo.\n\n<a href=\"https:\/\/www.namb.net\/send-network\/es\/resource\/liderazgo-practico\">Descubre m\u00e1s<\/a>\n\t\t\t\t<img loading=\"lazy\" decoding=\"async\" src=\"https:\/\/www.namb.net\/send-network\/wp-content\/uploads\/sites\/5\/2025\/05\/2505_SN_9-Essentials_Article-Graphics_Espanol_9_Practical-Leadership-scaled.jpg\" alt=\"2505_SN_9 Essentials_Article Graphics_Espanol_9_Practical Leadership\" itemprop=\"image\" height=\"1440\" width=\"2560\" title=\"2505_SN_9 Essentials_Article Graphics_Espanol_9_Practical Leadership\" onerror=\"this.style.display='none'\"  \/>\n\n","protected":false},"excerpt":{"rendered":"<p>9 Esenciales para un Plantador de Iglesias Fiel y Efectivo Este video explora las cualidades esenciales &hellip;<\/p>\n<p class=\"read-more\"> <a class=\"\" href=\"https:\/\/www.namb.net\/send-network\/es\/9-esenciales\/\"> <span class=\"screen-reader-text\">9 Esenciales<\/span> Leer m\u00e1s &raquo;<\/a><\/p>\n","protected":false},"author":53,"featured_media":4043,"parent":0,"menu_order":0,"comment_status":"closed","ping_status":"closed","template":"","meta":{"_oasis_is_in_workflow":0,"_oasis_original":0,"content-type":"","site-sidebar-layout":"no-sidebar","site-content-layout":"page-builder","ast-site-content-layout":"full-width-container","site-content-style":"unboxed","site-sidebar-style":"unboxed","ast-global-header-display":"","ast-banner-title-visibility":"","ast-main-header-display":"","ast-hfb-above-header-display":"","ast-hfb-below-header-display":"","ast-hfb-mobile-header-display":"","site-post-title":"disabled","ast-breadcrumbs-content":"","ast-featured-img":"disabled","footer-sml-layout":"","theme-transparent-header-meta":"enabled","adv-header-id-meta":"","stick-header-meta":"","header-above-stick-meta":"","header-main-stick-meta":"","header-below-stick-meta":"","astra-migrate-meta-layouts":"set","ast-page-background-enabled":"default","ast-page-background-meta":{"desktop":{"background-color":"","background-image":"","background-repeat":"repeat","background-position":"center center","background-size":"auto","background-attachment":"scroll","background-type":"","background-media":"","overlay-type":"","overlay-color":"","overlay-gradient":""},"tablet":{"background-color":"","background-image":"","background-repeat":"repeat","background-position":"center center","background-size":"auto","background-attachment":"scroll","background-type":"","background-media":"","overlay-type":"","overlay-color":"","overlay-gradient":""},"mobile":{"background-color":"","background-image":"","background-repeat":"repeat","background-position":"center center","background-size":"auto","background-attachment":"scroll","background-type":"","background-media":"","overlay-type":"","overlay-color":"","overlay-gradient":""}},"ast-content-background-meta":{"desktop":{"background-color":"var(--ast-global-color-5)","background-image":"","background-repeat":"repeat","background-position":"center center","background-size":"auto","background-attachment":"scroll","background-type":"","background-media":"","overlay-type":"","overlay-color":"","overlay-gradient":""},"tablet":{"background-color":"var(--ast-global-color-5)","background-image":"","background-repeat":"repeat","background-position":"center center","background-size":"auto","background-attachment":"scroll","background-type":"","background-media":"","overlay-type":"","overlay-color":"","overlay-gradient":""},"mobile":{"background-color":"var(--ast-global-color-5)","background-image":"","background-repeat":"repeat","background-position":"center center","background-size":"auto","background-attachment":"scroll","background-type":"","background-media":"","overlay-type":"","overlay-color":"","overlay-gradient":""}},"footnotes":""},"class_list":["post-26377","page","type-page","status-publish","has-post-thumbnail","hentry"],"acf":[],"yoast_head":"<!-- This site is optimized with the Yoast SEO Premium plugin v24.0 (Yoast SEO v24.0) - https:\/\/yoast.com\/wordpress\/plugins\/seo\/ -->\n<title>9 Esenciales - Send Network<\/title>\n<meta name=\"robots\" content=\"noindex, nofollow\" \/>\n<meta property=\"og:locale\" content=\"es_ES\" \/>\n<meta property=\"og:type\" content=\"article\" \/>\n<meta property=\"og:title\" content=\"9 Esenciales\" \/>\n<meta property=\"og:description\" content=\"9 Esenciales para un Plantador de Iglesias Fiel y Efectivo Este video explora las cualidades esenciales &hellip; 9 Esenciales Leer m\u00e1s &raquo;\" \/>\n<meta property=\"og:url\" content=\"https:\/\/www.namb.net\/send-network\/es\/9-esenciales\/\" \/>\n<meta property=\"og:site_name\" content=\"Send Network\" \/>\n<meta property=\"article:publisher\" content=\"https:\/\/www.facebook.com\/SendNetwork\/\" \/>\n<meta property=\"article:modified_time\" content=\"2026-01-27T19:59:33+00:00\" \/>\n<meta property=\"og:image\" content=\"https:\/\/www.namb.net\/send-network\/wp-content\/uploads\/sites\/5\/2020\/06\/Mobilize-my-church.jpg\" \/>\n\t<meta property=\"og:image:width\" content=\"840\" \/>\n\t<meta property=\"og:image:height\" content=\"472\" \/>\n\t<meta property=\"og:image:type\" content=\"image\/jpeg\" \/>\n<meta name=\"twitter:card\" content=\"summary_large_image\" \/>\n<meta name=\"twitter:site\" content=\"@sendnetwork\" \/>\n<meta name=\"twitter:label1\" content=\"Tiempo de lectura\" \/>\n\t<meta name=\"twitter:data1\" content=\"6 minutos\" \/>\n<script type=\"application\/ld+json\" class=\"yoast-schema-graph\">{\"@context\":\"https:\/\/schema.org\",\"@graph\":[{\"@type\":\"WebPage\",\"@id\":\"https:\/\/www.namb.net\/send-network\/es\/9-esenciales\/\",\"url\":\"https:\/\/www.namb.net\/send-network\/es\/9-esenciales\/\",\"name\":\"9 Esenciales - Send Network\",\"isPartOf\":{\"@id\":\"https:\/\/www.namb.net\/send-network\/#website\"},\"primaryImageOfPage\":{\"@id\":\"https:\/\/www.namb.net\/send-network\/es\/9-esenciales\/#primaryimage\"},\"image\":{\"@id\":\"https:\/\/www.namb.net\/send-network\/es\/9-esenciales\/#primaryimage\"},\"thumbnailUrl\":\"https:\/\/www.namb.net\/send-network\/wp-content\/uploads\/sites\/5\/2020\/06\/Mobilize-my-church.jpg\",\"datePublished\":\"2024-12-04T20:52:02+00:00\",\"dateModified\":\"2026-01-27T19:59:33+00:00\",\"breadcrumb\":{\"@id\":\"https:\/\/www.namb.net\/send-network\/es\/9-esenciales\/#breadcrumb\"},\"inLanguage\":\"es\",\"potentialAction\":[{\"@type\":\"ReadAction\",\"target\":[\"https:\/\/www.namb.net\/send-network\/es\/9-esenciales\/\"]}]},{\"@type\":\"ImageObject\",\"inLanguage\":\"es\",\"@id\":\"https:\/\/www.namb.net\/send-network\/es\/9-esenciales\/#primaryimage\",\"url\":\"https:\/\/www.namb.net\/send-network\/wp-content\/uploads\/sites\/5\/2020\/06\/Mobilize-my-church.jpg\",\"contentUrl\":\"https:\/\/www.namb.net\/send-network\/wp-content\/uploads\/sites\/5\/2020\/06\/Mobilize-my-church.jpg\",\"width\":840,\"height\":472},{\"@type\":\"BreadcrumbList\",\"@id\":\"https:\/\/www.namb.net\/send-network\/es\/9-esenciales\/#breadcrumb\",\"itemListElement\":[{\"@type\":\"ListItem\",\"position\":1,\"name\":\"Home\",\"item\":\"https:\/\/www.namb.net\/send-network\/es\/\"},{\"@type\":\"ListItem\",\"position\":2,\"name\":\"9 Esenciales\"}]},{\"@type\":\"WebSite\",\"@id\":\"https:\/\/www.namb.net\/send-network\/#website\",\"url\":\"https:\/\/www.namb.net\/send-network\/\",\"name\":\"Send Network\",\"description\":\"Church Planting Network\",\"publisher\":{\"@id\":\"https:\/\/www.namb.net\/send-network\/#organization\"},\"potentialAction\":[{\"@type\":\"SearchAction\",\"target\":{\"@type\":\"EntryPoint\",\"urlTemplate\":\"https:\/\/www.namb.net\/send-network\/?s={search_term_string}\"},\"query-input\":{\"@type\":\"PropertyValueSpecification\",\"valueRequired\":true,\"valueName\":\"search_term_string\"}}],\"inLanguage\":\"es\"},{\"@type\":\"Organization\",\"@id\":\"https:\/\/www.namb.net\/send-network\/#organization\",\"name\":\"Send Network\",\"url\":\"https:\/\/www.namb.net\/send-network\/\",\"logo\":{\"@type\":\"ImageObject\",\"inLanguage\":\"es\",\"@id\":\"https:\/\/www.namb.net\/send-network\/#\/schema\/logo\/image\/\",\"url\":\"https:\/\/www.namb.net\/send-network\/wp-content\/uploads\/sites\/5\/2016\/07\/SN-Logo_Linear_Brandmark-Solid_BlueNavy_RGB.png\",\"contentUrl\":\"https:\/\/www.namb.net\/send-network\/wp-content\/uploads\/sites\/5\/2016\/07\/SN-Logo_Linear_Brandmark-Solid_BlueNavy_RGB.png\",\"width\":2560,\"height\":393,\"caption\":\"Send Network\"},\"image\":{\"@id\":\"https:\/\/www.namb.net\/send-network\/#\/schema\/logo\/image\/\"},\"sameAs\":[\"https:\/\/www.facebook.com\/SendNetwork\/\",\"https:\/\/x.com\/sendnetwork\",\"https:\/\/www.instagram.com\/wearesendnetwork\"]}]}<\/script>\n<!-- \/ Yoast SEO Premium plugin. -->","yoast_head_json":{"title":"9 Esenciales - Send Network","robots":{"index":"noindex","follow":"nofollow"},"og_locale":"es_ES","og_type":"article","og_title":"9 Esenciales","og_description":"9 Esenciales para un Plantador de Iglesias Fiel y Efectivo Este video explora las cualidades esenciales &hellip; 9 Esenciales Leer m\u00e1s &raquo;","og_url":"https:\/\/www.namb.net\/send-network\/es\/9-esenciales\/","og_site_name":"Send Network","article_publisher":"https:\/\/www.facebook.com\/SendNetwork\/","article_modified_time":"2026-01-27T19:59:33+00:00","og_image":[{"width":840,"height":472,"url":"https:\/\/www.namb.net\/send-network\/wp-content\/uploads\/sites\/5\/2020\/06\/Mobilize-my-church.jpg","type":"image\/jpeg"}],"twitter_card":"summary_large_image","twitter_site":"@sendnetwork","twitter_misc":{"Tiempo de lectura":"6 minutos"},"schema":{"@context":"https:\/\/schema.org","@graph":[{"@type":"WebPage","@id":"https:\/\/www.namb.net\/send-network\/es\/9-esenciales\/","url":"https:\/\/www.namb.net\/send-network\/es\/9-esenciales\/","name":"9 Esenciales - Send Network","isPartOf":{"@id":"https:\/\/www.namb.net\/send-network\/#website"},"primaryImageOfPage":{"@id":"https:\/\/www.namb.net\/send-network\/es\/9-esenciales\/#primaryimage"},"image":{"@id":"https:\/\/www.namb.net\/send-network\/es\/9-esenciales\/#primaryimage"},"thumbnailUrl":"https:\/\/www.namb.net\/send-network\/wp-content\/uploads\/sites\/5\/2020\/06\/Mobilize-my-church.jpg","datePublished":"2024-12-04T20:52:02+00:00","dateModified":"2026-01-27T19:59:33+00:00","breadcrumb":{"@id":"https:\/\/www.namb.net\/send-network\/es\/9-esenciales\/#breadcrumb"},"inLanguage":"es","potentialAction":[{"@type":"ReadAction","target":["https:\/\/www.namb.net\/send-network\/es\/9-esenciales\/"]}]},{"@type":"ImageObject","inLanguage":"es","@id":"https:\/\/www.namb.net\/send-network\/es\/9-esenciales\/#primaryimage","url":"https:\/\/www.namb.net\/send-network\/wp-content\/uploads\/sites\/5\/2020\/06\/Mobilize-my-church.jpg","contentUrl":"https:\/\/www.namb.net\/send-network\/wp-content\/uploads\/sites\/5\/2020\/06\/Mobilize-my-church.jpg","width":840,"height":472},{"@type":"BreadcrumbList","@id":"https:\/\/www.namb.net\/send-network\/es\/9-esenciales\/#breadcrumb","itemListElement":[{"@type":"ListItem","position":1,"name":"Home","item":"https:\/\/www.namb.net\/send-network\/es\/"},{"@type":"ListItem","position":2,"name":"9 Esenciales"}]},{"@type":"WebSite","@id":"https:\/\/www.namb.net\/send-network\/#website","url":"https:\/\/www.namb.net\/send-network\/","name":"Send Network","description":"Church Planting Network","publisher":{"@id":"https:\/\/www.namb.net\/send-network\/#organization"},"potentialAction":[{"@type":"SearchAction","target":{"@type":"EntryPoint","urlTemplate":"https:\/\/www.namb.net\/send-network\/?s={search_term_string}"},"query-input":{"@type":"PropertyValueSpecification","valueRequired":true,"valueName":"search_term_string"}}],"inLanguage":"es"},{"@type":"Organization","@id":"https:\/\/www.namb.net\/send-network\/#organization","name":"Send Network","url":"https:\/\/www.namb.net\/send-network\/","logo":{"@type":"ImageObject","inLanguage":"es","@id":"https:\/\/www.namb.net\/send-network\/#\/schema\/logo\/image\/","url":"https:\/\/www.namb.net\/send-network\/wp-content\/uploads\/sites\/5\/2016\/07\/SN-Logo_Linear_Brandmark-Solid_BlueNavy_RGB.png","contentUrl":"https:\/\/www.namb.net\/send-network\/wp-content\/uploads\/sites\/5\/2016\/07\/SN-Logo_Linear_Brandmark-Solid_BlueNavy_RGB.png","width":2560,"height":393,"caption":"Send Network"},"image":{"@id":"https:\/\/www.namb.net\/send-network\/#\/schema\/logo\/image\/"},"sameAs":["https:\/\/www.facebook.com\/SendNetwork\/","https:\/\/x.com\/sendnetwork","https:\/\/www.instagram.com\/wearesendnetwork"]}]}},"publishpress_future_action":{"enabled":false,"date":"1969-12-31 19:00:00","action":"","terms":[],"taxonomy":"","browser_timezone_offset":0},"_links":{"self":[{"href":"https:\/\/www.namb.net\/send-network\/es\/wp-json\/wp\/v2\/pages\/26377"}],"collection":[{"href":"https:\/\/www.namb.net\/send-network\/es\/wp-json\/wp\/v2\/pages"}],"about":[{"href":"https:\/\/www.namb.net\/send-network\/es\/wp-json\/wp\/v2\/types\/page"}],"author":[{"embeddable":true,"href":"https:\/\/www.namb.net\/send-network\/es\/wp-json\/wp\/v2\/users\/53"}],"replies":[{"embeddable":true,"href":"https:\/\/www.namb.net\/send-network\/es\/wp-json\/wp\/v2\/comments?post=26377"}],"version-history":[{"count":0,"href":"https:\/\/www.namb.net\/send-network\/es\/wp-json\/wp\/v2\/pages\/26377\/revisions"}],"wp:featuredmedia":[{"embeddable":true,"href":"https:\/\/www.namb.net\/send-network\/es\/wp-json\/wp\/v2\/media\/4043"}],"wp:attachment":[{"href":"https:\/\/www.namb.net\/send-network\/es\/wp-json\/wp\/v2\/media?parent=26377"}],"curies":[{"name":"wp","href":"https:\/\/api.w.org\/{rel}","templated":true}]}}